{"id":197,"date":"2020-09-18T21:55:57","date_gmt":"2020-09-19T00:55:57","guid":{"rendered":"https:\/\/rosadesouza.com\/?page_id=197"},"modified":"2020-09-18T22:10:54","modified_gmt":"2020-09-19T01:10:54","slug":"poemas-e-pensamentos","status":"publish","type":"page","link":"https:\/\/rosadesouza.com\/?page_id=197","title":{"rendered":"Poemas e Pensamentos"},"content":{"rendered":"\t\t<div data-elementor-type=\"wp-page\" data-elementor-id=\"197\" class=\"elementor elementor-197\">\n\t\t\t\t\t\t<section class=\"elementor-section elementor-top-section elementor-element elementor-element-b0ec121 elementor-section-boxed elementor-section-height-default elementor-section-height-default\" data-id=\"b0ec121\" data-element_type=\"section\">\n\t\t\t\t\t\t<div class=\"elementor-container elementor-column-gap-default\">\n\t\t\t\t\t<div class=\"elementor-column elementor-col-100 elementor-top-column elementor-element elementor-element-2f15f25\" data-id=\"2f15f25\" data-element_type=\"column\">\n\t\t\t<div class=\"elementor-widget-wrap elementor-element-populated\">\n\t\t\t\t\t\t<div class=\"elementor-element elementor-element-56a48db elementor-widget elementor-widget-heading\" data-id=\"56a48db\" data-element_type=\"widget\" data-widget_type=\"heading.default\">\n\t\t\t\t<div class=\"elementor-widget-container\">\n\t\t\t\t\t<h1 class=\"elementor-heading-title elementor-size-xl\">Poemas<\/h1>\t\t\t\t<\/div>\n\t\t\t\t<\/div>\n\t\t\t\t\t<\/div>\n\t\t<\/div>\n\t\t\t\t\t<\/div>\n\t\t<\/section>\n\t\t\t\t<section class=\"elementor-section elementor-top-section elementor-element elementor-element-2855981 elementor-section-boxed elementor-section-height-default elementor-section-height-default\" data-id=\"2855981\" data-element_type=\"section\">\n\t\t\t\t\t\t<div class=\"elementor-container elementor-column-gap-default\">\n\t\t\t\t\t<div class=\"elementor-column elementor-col-33 elementor-top-column elementor-element elementor-element-a8e62ee\" data-id=\"a8e62ee\" data-element_type=\"column\">\n\t\t\t<div class=\"elementor-widget-wrap elementor-element-populated\">\n\t\t\t\t\t\t<div class=\"elementor-element elementor-element-0202995 elementor-widget elementor-widget-text-editor\" data-id=\"0202995\" data-element_type=\"widget\" data-widget_type=\"text-editor.default\">\n\t\t\t\t<div class=\"elementor-widget-container\">\n\t\t\t\t\t\t\t\t\t<div id=\"u8503-26\" class=\"clearfix colelem\"><ul id=\"u8503-3\" class=\"list0 nls-None\"><li id=\"u8503-2\"><strong>Alvorada<\/strong><\/li><\/ul><p>A minha mem\u00f3ria \u00e9 uma selva.<\/p><p>Arrogante, bruta, delicada, \u00famida.<\/p><p>Cheia \u2013 silhuetas de desordenados pirilampos.<\/p><p>Investigo o novo entre trov\u00f5es e rel\u00e2mpagos.<\/p><p>Salvo de escombros a seiva penumbra<\/p><p>onde a mente gr\u00e1vida e impaciente perde a d\u00favida.<\/p><p>Del\u00edrios de penetrantes devaneios seguro.<\/p><p>Enlouque\u00e7o em sutis horizontes perdidos<\/p><p>e finalmente vibro na invisibilidade do futuro.<\/p><p>\u00a0<\/p><\/div><div id=\"u9010-23\" class=\"clearfix colelem\"><ul id=\"u9010-3\" class=\"list0 nls-None\"><li id=\"u9010-2\"><strong>De Mansinho<\/strong><\/li><\/ul><p>Atravesso sombras<\/p><p>chapinhando na cola do caminho.<\/p><p>Rolo nas alfombras<\/p><p>s\u00f3 permitidas em pensamento.<\/p><p>Te vou amando de mansinho<\/p><p>no sil\u00eancio de casti\u00e7ais&#8230;<\/p><p>me embrulhando em cristais<\/p><p>s\u00f3 acariciados pelo vento.<\/p><\/div><div id=\"kpm-root\" class=\"kpm_LTR notranslate\" translate=\"no\">\u00a0<\/div>\t\t\t\t\t\t\t\t<\/div>\n\t\t\t\t<\/div>\n\t\t\t\t\t<\/div>\n\t\t<\/div>\n\t\t\t\t<div class=\"elementor-column elementor-col-33 elementor-top-column elementor-element elementor-element-7437d17\" data-id=\"7437d17\" data-element_type=\"column\">\n\t\t\t<div class=\"elementor-widget-wrap elementor-element-populated\">\n\t\t\t\t\t\t<div class=\"elementor-element elementor-element-8e13779 elementor-widget elementor-widget-text-editor\" data-id=\"8e13779\" data-element_type=\"widget\" data-widget_type=\"text-editor.default\">\n\t\t\t\t<div class=\"elementor-widget-container\">\n\t\t\t\t\t\t\t\t\t<div id=\"u9004-22\" class=\"clearfix colelem\"><ul id=\"u9004-3\" class=\"list0 nls-None\"><li id=\"u9004-2\"><strong>Imensid\u00e3o<\/strong><\/li><\/ul><p>Amo tanto, mas tanto<\/p><p>e sem como extravasar&#8230;<\/p><p>No universo inteiro<\/p><p>h\u00e1 apenas um lugar<\/p><p>onde poderei desaguar&#8230;<\/p><p>Nos teus l\u00e1bios,<\/p><p>no teu corpo,<\/p><p>na tua alma.<\/p><p>\u00a0<\/p><\/div><div id=\"u9001-31\" class=\"clearfix colelem\"><ul id=\"u9001-3\" class=\"list0 nls-None\"><li id=\"u9001-2\"><strong>Elemento<\/strong><\/li><\/ul><p>Queria ser p\u00e1ssaro<\/p><p>vesti-me de penas.<\/p><p>Queria ser \u00e1gua<\/p><p>enchi-me de l\u00e1grima.<\/p><p>Queria ser terra<\/p><p>fui mal germinada.<\/p><p>Queria ser fogo<\/p><p>fui fulminada.<\/p><p>Queria ser livre<\/p><p>amei.<\/p><p>Veio o vento<\/p><p>blew me away.<\/p><\/div><div id=\"kpm-root\" class=\"kpm_LTR notranslate\" translate=\"no\">\u00a0<\/div>\t\t\t\t\t\t\t\t<\/div>\n\t\t\t\t<\/div>\n\t\t\t\t\t<\/div>\n\t\t<\/div>\n\t\t\t\t<div class=\"elementor-column elementor-col-33 elementor-top-column elementor-element elementor-element-4e028a6\" data-id=\"4e028a6\" data-element_type=\"column\">\n\t\t\t<div class=\"elementor-widget-wrap elementor-element-populated\">\n\t\t\t\t\t\t<div class=\"elementor-element elementor-element-bdce470 elementor-widget elementor-widget-text-editor\" data-id=\"bdce470\" data-element_type=\"widget\" data-widget_type=\"text-editor.default\">\n\t\t\t\t<div class=\"elementor-widget-container\">\n\t\t\t\t\t\t\t\t\t<div id=\"u9007-56\" class=\"clearfix colelem\"><ul id=\"u9007-3\" class=\"list0 nls-None\"><li id=\"u9007-2\"><strong>Noite de S\u00e1bado<\/strong><\/li><\/ul><p>Noite de s\u00e1bado,<\/p><p>sa\u00ed!<\/p><p>Maquinalmente olhei<\/p><p>entre a multid\u00e3o,<\/p><p>que quando aumenta se reduz.<\/p><p>Procurei,<\/p><p>mas tu n\u00e3o \u00e9s daqui,<\/p><p>deste movimento,<\/p><p>desta meia-luz.<\/p><p>Desses que precisam beber<\/p><p>para sentir fingindo,<\/p><p>for\u00e7ando o rir<\/p><p>de sabor mal sentido<\/p><p>ou beijo mal acabado,<\/p><p>onde o que n\u00e3o acredita<\/p><p>for\u00e7a o pensamento mal pensado;<\/p><p>com atitude procurando<\/p><p>premeditada palavra.<\/p><p>Vit\u00f3ria em engano<\/p><p>de ritmo sem ouvido,<\/p><p>de dan\u00e7a nunca vibrada;<\/p><p>de sucos desejosos;<\/p><p>em beijos copiados;<\/p><p>de lavar de sexos<\/p><p>e esp\u00edritos frustrados.<\/p><p>\u00a0<\/p><\/div><div id=\"u8998-14\" class=\"clearfix colelem\"><ul id=\"u8998-3\" class=\"list0 nls-None\"><li id=\"u8998-2\"><strong>Hakai<\/strong><\/li><\/ul><p>Pris\u00e3o ps\u00edquica<\/p><p>Atravessando tempos<\/p><p>Hoje renasce.<\/p><\/div>\t\t\t\t\t\t\t\t<\/div>\n\t\t\t\t<\/div>\n\t\t\t\t\t<\/div>\n\t\t<\/div>\n\t\t\t\t\t<\/div>\n\t\t<\/section>\n\t\t\t\t<section class=\"elementor-section elementor-top-section elementor-element elementor-element-13635f1 elementor-section-boxed elementor-section-height-default elementor-section-height-default\" data-id=\"13635f1\" data-element_type=\"section\">\n\t\t\t\t\t\t<div class=\"elementor-container elementor-column-gap-default\">\n\t\t\t\t\t<div class=\"elementor-column elementor-col-100 elementor-top-column elementor-element elementor-element-f6b1b6c\" data-id=\"f6b1b6c\" data-element_type=\"column\">\n\t\t\t<div class=\"elementor-widget-wrap elementor-element-populated\">\n\t\t\t\t\t\t<div class=\"elementor-element elementor-element-35e50c4 elementor-widget elementor-widget-spacer\" data-id=\"35e50c4\" data-element_type=\"widget\" data-widget_type=\"spacer.default\">\n\t\t\t\t<div class=\"elementor-widget-container\">\n\t\t\t\t\t\t\t<div class=\"elementor-spacer\">\n\t\t\t<div class=\"elementor-spacer-inner\"><\/div>\n\t\t<\/div>\n\t\t\t\t\t\t<\/div>\n\t\t\t\t<\/div>\n\t\t\t\t\t<\/div>\n\t\t<\/div>\n\t\t\t\t\t<\/div>\n\t\t<\/section>\n\t\t\t\t<section class=\"elementor-section elementor-top-section elementor-element elementor-element-93fc26c elementor-section-boxed elementor-section-height-default elementor-section-height-default\" data-id=\"93fc26c\" data-element_type=\"section\">\n\t\t\t\t\t\t<div class=\"elementor-container elementor-column-gap-default\">\n\t\t\t\t\t<div class=\"elementor-column elementor-col-100 elementor-top-column elementor-element elementor-element-815d25f\" data-id=\"815d25f\" data-element_type=\"column\">\n\t\t\t<div class=\"elementor-widget-wrap elementor-element-populated\">\n\t\t\t\t\t\t<div class=\"elementor-element elementor-element-858184c elementor-widget elementor-widget-heading\" data-id=\"858184c\" data-element_type=\"widget\" data-widget_type=\"heading.default\">\n\t\t\t\t<div class=\"elementor-widget-container\">\n\t\t\t\t\t<h1 class=\"elementor-heading-title elementor-size-xl\">Pensamentos<\/h1>\t\t\t\t<\/div>\n\t\t\t\t<\/div>\n\t\t\t\t\t<\/div>\n\t\t<\/div>\n\t\t\t\t\t<\/div>\n\t\t<\/section>\n\t\t\t\t<section class=\"elementor-section elementor-top-section elementor-element elementor-element-ae8282e elementor-section-boxed elementor-section-height-default elementor-section-height-default\" data-id=\"ae8282e\" data-element_type=\"section\">\n\t\t\t\t\t\t<div class=\"elementor-container elementor-column-gap-default\">\n\t\t\t\t\t<div class=\"elementor-column elementor-col-33 elementor-top-column elementor-element elementor-element-6ab3003\" data-id=\"6ab3003\" data-element_type=\"column\">\n\t\t\t<div class=\"elementor-widget-wrap elementor-element-populated\">\n\t\t\t\t\t\t<div class=\"elementor-element elementor-element-bafe6f6 elementor-widget elementor-widget-text-editor\" data-id=\"bafe6f6\" data-element_type=\"widget\" data-widget_type=\"text-editor.default\">\n\t\t\t\t<div class=\"elementor-widget-container\">\n\t\t\t\t\t\t\t\t\t<p><em>A trag\u00e9dia humana n\u00e3o \u00e9 a nossa humanidade,<\/em><\/p><p><em>mas a ignor\u00e2ncia que leva a permitir que nos desumanizem.<\/em><\/p><div id=\"kpm-root\" class=\"kpm_LTR notranslate\" translate=\"no\">\u00a0<\/div><div id=\"kpm-root\" class=\"kpm_LTR notranslate\" translate=\"no\">\u00a0<\/div>\t\t\t\t\t\t\t\t<\/div>\n\t\t\t\t<\/div>\n\t\t\t\t\t<\/div>\n\t\t<\/div>\n\t\t\t\t<div class=\"elementor-column elementor-col-33 elementor-top-column elementor-element elementor-element-2d2b7e1\" data-id=\"2d2b7e1\" data-element_type=\"column\">\n\t\t\t<div class=\"elementor-widget-wrap elementor-element-populated\">\n\t\t\t\t\t\t<div class=\"elementor-element elementor-element-8fbbaec elementor-widget elementor-widget-text-editor\" data-id=\"8fbbaec\" data-element_type=\"widget\" data-widget_type=\"text-editor.default\">\n\t\t\t\t<div class=\"elementor-widget-container\">\n\t\t\t\t\t\t\t\t\t<p><em>Para ajudar os outros nas suas sombras,<\/em><\/p><p><em>Enfrente as suas e encontre os pontos similares.<\/em><\/p><p><em>Depois acenda a luz.<\/em><\/p><div id=\"kpm-root\" class=\"kpm_LTR notranslate\" translate=\"no\">\u00a0<\/div>\t\t\t\t\t\t\t\t<\/div>\n\t\t\t\t<\/div>\n\t\t\t\t\t<\/div>\n\t\t<\/div>\n\t\t\t\t<div class=\"elementor-column elementor-col-33 elementor-top-column elementor-element elementor-element-9e95860\" data-id=\"9e95860\" data-element_type=\"column\">\n\t\t\t<div class=\"elementor-widget-wrap elementor-element-populated\">\n\t\t\t\t\t\t<div class=\"elementor-element elementor-element-860d049 elementor-widget elementor-widget-text-editor\" data-id=\"860d049\" data-element_type=\"widget\" data-widget_type=\"text-editor.default\">\n\t\t\t\t<div class=\"elementor-widget-container\">\n\t\t\t\t\t\t\t\t\t<p><em>Finalmente a luz do Princ\u00edpio Feminino<\/em><\/p><p><em>est\u00e1 rompendo as trevas do mundo.<\/em><\/p><p><em>Tenhamos esperan\u00e7a.<\/em><\/p><div id=\"kpm-root\" class=\"kpm_LTR notranslate\" translate=\"no\">\u00a0<\/div>\t\t\t\t\t\t\t\t<\/div>\n\t\t\t\t<\/div>\n\t\t\t\t\t<\/div>\n\t\t<\/div>\n\t\t\t\t\t<\/div>\n\t\t<\/section>\n\t\t\t\t<section class=\"elementor-section elementor-top-section elementor-element elementor-element-cbfbfeb elementor-section-boxed elementor-section-height-default elementor-section-height-default\" data-id=\"cbfbfeb\" data-element_type=\"section\">\n\t\t\t\t\t\t<div class=\"elementor-container elementor-column-gap-default\">\n\t\t\t\t\t<div class=\"elementor-column elementor-col-100 elementor-top-column elementor-element elementor-element-6b93cf0\" data-id=\"6b93cf0\" data-element_type=\"column\">\n\t\t\t<div class=\"elementor-widget-wrap elementor-element-populated\">\n\t\t\t\t\t\t<div class=\"elementor-element elementor-element-868597b elementor-widget elementor-widget-spacer\" data-id=\"868597b\" data-element_type=\"widget\" data-widget_type=\"spacer.default\">\n\t\t\t\t<div class=\"elementor-widget-container\">\n\t\t\t\t\t\t\t<div class=\"elementor-spacer\">\n\t\t\t<div class=\"elementor-spacer-inner\"><\/div>\n\t\t<\/div>\n\t\t\t\t\t\t<\/div>\n\t\t\t\t<\/div>\n\t\t\t\t\t<\/div>\n\t\t<\/div>\n\t\t\t\t\t<\/div>\n\t\t<\/section>\n\t\t\t\t<section class=\"elementor-section elementor-top-section elementor-element elementor-element-abc2c94 elementor-section-boxed elementor-section-height-default elementor-section-height-default\" data-id=\"abc2c94\" data-element_type=\"section\">\n\t\t\t\t\t\t<div class=\"elementor-container elementor-column-gap-default\">\n\t\t\t\t\t<div class=\"elementor-column elementor-col-33 elementor-top-column elementor-element elementor-element-6b53d5b\" data-id=\"6b53d5b\" data-element_type=\"column\">\n\t\t\t<div class=\"elementor-widget-wrap elementor-element-populated\">\n\t\t\t\t\t\t<div class=\"elementor-element elementor-element-e596a82 elementor-widget elementor-widget-text-editor\" data-id=\"e596a82\" data-element_type=\"widget\" data-widget_type=\"text-editor.default\">\n\t\t\t\t<div class=\"elementor-widget-container\">\n\t\t\t\t\t\t\t\t\t<p><em>Ser feliz n\u00e3o \u00e9 uma quest\u00e3o de destino,<\/em><\/p><p><em>\u00e9 uma quest\u00e3o de intelig\u00eancia.<\/em><\/p><div id=\"kpm-root\" class=\"kpm_LTR notranslate\" translate=\"no\">\u00a0<\/div>\t\t\t\t\t\t\t\t<\/div>\n\t\t\t\t<\/div>\n\t\t\t\t\t<\/div>\n\t\t<\/div>\n\t\t\t\t<div class=\"elementor-column elementor-col-33 elementor-top-column elementor-element elementor-element-574735a\" data-id=\"574735a\" data-element_type=\"column\">\n\t\t\t<div class=\"elementor-widget-wrap elementor-element-populated\">\n\t\t\t\t\t\t<div class=\"elementor-element elementor-element-2a9be16 elementor-widget elementor-widget-text-editor\" data-id=\"2a9be16\" data-element_type=\"widget\" data-widget_type=\"text-editor.default\">\n\t\t\t\t<div class=\"elementor-widget-container\">\n\t\t\t\t\t\t\t\t\t<p><em>Apenas conjeturas da desraz\u00e3o nos<\/em><\/p><p><em>poder\u00e3o levar a descobrir inc\u00f3gnitas.<\/em><\/p><div id=\"kpm-root\" class=\"kpm_LTR notranslate\" translate=\"no\">\u00a0<\/div>\t\t\t\t\t\t\t\t<\/div>\n\t\t\t\t<\/div>\n\t\t\t\t\t<\/div>\n\t\t<\/div>\n\t\t\t\t<div class=\"elementor-column elementor-col-33 elementor-top-column elementor-element elementor-element-a9602ce\" data-id=\"a9602ce\" data-element_type=\"column\">\n\t\t\t<div class=\"elementor-widget-wrap elementor-element-populated\">\n\t\t\t\t\t\t<div class=\"elementor-element elementor-element-3477891 elementor-widget elementor-widget-text-editor\" data-id=\"3477891\" data-element_type=\"widget\" data-widget_type=\"text-editor.default\">\n\t\t\t\t<div class=\"elementor-widget-container\">\n\t\t\t\t\t\t\t\t\t<p><em>Todos temos um guru no nosso interior.<\/em><\/p><p><em>\u00c9 na tristeza e na alegria que a alma melhor<\/em><\/p><p><em>pode ouvi-lo.<\/em><\/p><p><em>S\u00f3 temos de silenciar a mente e sentir, pois<\/em><\/p><p><em>a voz do poder universal que tudo permeia<\/em><\/p><p><em>n\u00e3o se ouve, sente-se.<\/em><\/p><div id=\"kpm-root\" class=\"kpm_LTR notranslate\" translate=\"no\">\u00a0<\/div><div id=\"kpm-root\" class=\"kpm_LTR notranslate\" translate=\"no\">\u00a0<\/div><div id=\"kpm-root\" class=\"kpm_LTR notranslate\" translate=\"no\">\u00a0<\/div>\t\t\t\t\t\t\t\t<\/div>\n\t\t\t\t<\/div>\n\t\t\t\t\t<\/div>\n\t\t<\/div>\n\t\t\t\t\t<\/div>\n\t\t<\/section>\n\t\t\t\t<\/div>\n\t\t","protected":false},"excerpt":{"rendered":"<p>Poemas Alvorada A minha mem\u00f3ria \u00e9 uma selva. Arrogante, bruta, delicada, \u00famida. Cheia \u2013 silhuetas de desordenados pirilampos. Investigo o novo entre trov\u00f5es e rel\u00e2mpagos. Salvo de escombros a seiva penumbra onde a mente gr\u00e1vida e impaciente perde a d\u00favida. Del\u00edrios de penetrantes devaneios seguro.&hellip;<\/p>\n","protected":false},"author":1,"featured_media":0,"parent":0,"menu_order":0,"comment_status":"closed","ping_status":"closed","template":"elementor_header_footer","meta":{"footnotes":""},"class_list":["post-197","page","type-page","status-publish","hentry"],"_links":{"self":[{"href":"https:\/\/rosadesouza.com\/index.php?rest_route=\/wp\/v2\/pages\/197","targetHints":{"allow":["GET"]}}],"collection":[{"href":"https:\/\/rosadesouza.com\/index.php?rest_route=\/wp\/v2\/pages"}],"about":[{"href":"https:\/\/rosadesouza.com\/index.php?rest_route=\/wp\/v2\/types\/page"}],"author":[{"embeddable":true,"href":"https:\/\/rosadesouza.com\/index.php?rest_route=\/wp\/v2\/users\/1"}],"replies":[{"embeddable":true,"href":"https:\/\/rosadesouza.com\/index.php?rest_route=%2Fwp%2Fv2%2Fcomments&post=197"}],"version-history":[{"count":10,"href":"https:\/\/rosadesouza.com\/index.php?rest_route=\/wp\/v2\/pages\/197\/revisions"}],"predecessor-version":[{"id":208,"href":"https:\/\/rosadesouza.com\/index.php?rest_route=\/wp\/v2\/pages\/197\/revisions\/208"}],"wp:attachment":[{"href":"https:\/\/rosadesouza.com\/index.php?rest_route=%2Fwp%2Fv2%2Fmedia&parent=197"}],"curies":[{"name":"wp","href":"https:\/\/api.w.org\/{rel}","templated":true}]}}